{"id":1579,"date":"2015-05-14T22:21:28","date_gmt":"2015-05-14T22:21:28","guid":{"rendered":"https:\/\/bignasca.ch\/bignasca-sa\/"},"modified":"2019-01-16T15:38:36","modified_gmt":"2019-01-16T14:38:36","slug":"bignasca-sa","status":"publish","type":"page","link":"https:\/\/bignasca.ch\/de\/bignasca-sa\/","title":{"rendered":"Bignasca SA"},"content":{"rendered":"<div class=\"fusion-fullwidth fullwidth-box fusion-builder-row-1 nonhundred-percent-fullwidth non-hundred-percent-height-scrolling\" style=\"--awb-border-radius-top-left:0px;--awb-border-radius-top-right:0px;--awb-border-radius-bottom-right:0px;--awb-border-radius-bottom-left:0px;--awb-flex-wrap:wrap;\" ><div class=\"fusion-builder-row fusion-row\"><div class=\"fusion-layout-column fusion_builder_column fusion-builder-column-0 fusion_builder_column_1_1 1_1 fusion-one-full fusion-column-first fusion-column-last\" style=\"--awb-bg-size:cover;--awb-margin-bottom:0px;\"><div class=\"fusion-column-wrapper fusion-flex-column-wrapper-legacy\"><div class=\"fusion-text fusion-text-1\"><p><strong>Langj\u00e4hrige Tradition<\/strong><\/p>\n<p>Wir sind ein Tessiner Familienunternehmen mit Sitz in Sonvico, das seit \u00fcber einem Jahrhundert im Bereich der B\u00e4ckerei und Konditorei t\u00e4tig ist. Seit 1911 \u00fcbertragen wir Qualit\u00e4tswerte und Handwerkliche Tradition auf unsere Produkte.<br \/>\nUnser Team besteht aus rund 30 Mitarbeitern, die einen optimalen Kundenservice garantieren.<\/p>\n<p><strong>Unsere Leistungen<\/strong><\/p>\n<p>Wir sind in der Produktion und dem Verkauf von Brot- und Konditoreiprodukten t\u00e4tig, mit einem 365 Tagen im Jahr Lieferservice.<br \/>\nUnser Kundenkreis besteht haupts\u00e4chlich aus Hotels, Bars, Altenheimen, Kantinen, Spit\u00e4lern und Restaurants in der Region Lugano.<br \/>\nWir bieten auch einen Einzelhandelsservice in den Verkaufsstellen von Pregassona und Tesserete an.<\/p>\n<p>Wir laden Sie ein, unsere Website zu besuchen und\u2026 Bereiten Sie Ihren Gaumen vor!<\/p>\n<\/div><div class=\"fusion-clearfix\"><\/div><\/div><\/div><\/div><\/div>\n","protected":false},"excerpt":{"rendered":"","protected":false},"author":1,"featured_media":0,"parent":0,"menu_order":0,"comment_status":"open","ping_status":"closed","template":"","meta":{"_acf_changed":false,"footnotes":""},"class_list":["post-1579","page","type-page","status-publish","hentry"],"acf":[],"_links":{"self":[{"href":"https:\/\/bignasca.ch\/de\/wp-json\/wp\/v2\/pages\/1579","targetHints":{"allow":["GET"]}}],"collection":[{"href":"https:\/\/bignasca.ch\/de\/wp-json\/wp\/v2\/pages"}],"about":[{"href":"https:\/\/bignasca.ch\/de\/wp-json\/wp\/v2\/types\/page"}],"author":[{"embeddable":true,"href":"https:\/\/bignasca.ch\/de\/wp-json\/wp\/v2\/users\/1"}],"replies":[{"embeddable":true,"href":"https:\/\/bignasca.ch\/de\/wp-json\/wp\/v2\/comments?post=1579"}],"version-history":[{"count":0,"href":"https:\/\/bignasca.ch\/de\/wp-json\/wp\/v2\/pages\/1579\/revisions"}],"wp:attachment":[{"href":"https:\/\/bignasca.ch\/de\/wp-json\/wp\/v2\/media?parent=1579"}],"curies":[{"name":"wp","href":"https:\/\/api.w.org\/{rel}","templated":true}]}}