{"id":1701,"date":"2018-06-20T08:49:22","date_gmt":"2018-06-20T06:49:22","guid":{"rendered":"https:\/\/bignasca.ch\/?page_id=1701"},"modified":"2023-05-25T11:53:32","modified_gmt":"2023-05-25T09:53:32","slug":"privacy-policy","status":"publish","type":"page","link":"https:\/\/bignasca.ch\/fr\/privacy-policy\/","title":{"rendered":"Privacy Policy"},"content":{"rendered":"<div class=\"fusion-fullwidth fullwidth-box fusion-builder-row-1 fusion-flex-container nonhundred-percent-fullwidth non-hundred-percent-height-scrolling\" style=\"--awb-border-radius-top-left:0px;--awb-border-radius-top-right:0px;--awb-border-radius-bottom-right:0px;--awb-border-radius-bottom-left:0px;--awb-flex-wrap:wrap;\" ><div class=\"fusion-builder-row fusion-row fusion-flex-align-items-flex-start fusion-flex-content-wrap\" style=\"max-width:1352px;margin-left: calc(-4% \/ 2 );margin-right: calc(-4% \/ 2 );\"><div class=\"fusion-layout-column fusion_builder_column fusion-builder-column-0 fusion_builder_column_1_1 1_1 fusion-flex-column\" style=\"--awb-bg-size:cover;--awb-width-large:100%;--awb-margin-top-large:0px;--awb-spacing-right-large:1.92%;--awb-margin-bottom-large:0px;--awb-spacing-left-large:1.92%;--awb-width-medium:100%;--awb-spacing-right-medium:1.92%;--awb-spacing-left-medium:1.92%;--awb-width-small:100%;--awb-spacing-right-small:1.92%;--awb-spacing-left-small:1.92%;\"><div class=\"fusion-column-wrapper fusion-flex-justify-content-flex-start fusion-content-layout-column\"><div class=\"fusion-text fusion-text-1\"><h3>Informativa sulla privacy relativa al trattamento dei dati personali del sito <a href=\"https:\/\/bignasca.ch\/\">www.bignasca.ch<\/a><\/h3>\n<p>Ai sensi della Legge federale sulla protezione dei dati (LPD), del Regolamento (UE) 2016\/679 (GDPR) e della Direttiva 2002\/58\/CE (eDirective), Le forniamo le necessarie informazioni riguardo al trattamento dei dati personali raccolti <strong>durante la Sua esperienza sul nostro sito <\/strong><a href=\"https:\/\/bignasca.ch\/\"><strong>www.bignasca.ch<\/strong><\/a><\/p>\n<ol>\n<li><strong> CATEGORIE DI DATI PERSONALI OGGETTO DEL TRATTAMENTO | DEFINIZIONI<\/strong><\/li>\n<\/ol>\n<p>I dati personali forniti\u00a0\u2013\u00a0o altrimenti acquisiti in conformit\u00e0 delle disposizioni legislative e contrattuali in vigore\u00a0\u2013\u00a0inerenti, connessi e\/o strumentali alla valutazione della Sua esperienza sul nostro sito, saranno trattati ai sensi della normativa privacy e degli obblighi di riservatezza a Lei applicabili.<\/p>\n<p><strong>Dati personali: <\/strong>tutte le informazioni relative a una persona identificata o identificabile.<\/p>\n<p>In particolare, <strong>effettueremo il trattamento dei seguenti dati personali<\/strong>: dati di navigazione (per maggiori informazioni sui dati raccolti con i Cookie, leggere l\u2019Informativa sui Cookie); dati forniti direttamente dall\u2019interessato (ad esempio, per l\u2019accesso all\u2019area riservata e per l\u2019invio di richieste tramite il form \u201cContattaci\u201d: indirizzo e-mail).<\/p>\n<p>Si precisa che i sistemi informatici preposti al funzionamento di questo sito acquisiscono, nel corso del loro normale esercizio, alcuni dati personali la cui trasmissione \u00e8 implicita nell\u2019uso dei protocolli di comunicazione di Internet. In questa categoria di dati rientrano gli indirizzi IP o i nomi a dominio dei computer e dei terminali utilizzati dagli utenti, gli indirizzi in notazione URI\/URL (Uniform Resource Identifier\/Locator) delle risorse richieste, l\u2019orario della richiesta, il metodo utilizzato nel sottoporre la richiesta al server, la dimensione del file ottenuto in risposta, il codice numerico indicante lo stato della risposta data dal server (buon fine, errore, ecc.) ed altri parametri relativi al sistema operativo e all\u2019ambiente informatico dell\u2019utente.<\/p>\n<p><strong>Persone interessate<\/strong>: persone fisiche o giuridiche i cui dati sono oggetto del trattamento (nel seguito, anche \u201cLei\u201d).<\/p>\n<p><strong>Trattamento:<\/strong> qualsiasi operazione relativa ai dati personali, indipendentemente dai mezzi e dalle procedure adottati, e segnatamente la raccolta, la conservazione, l\u2019uso, la revisione, la comunicazione, l\u2019archiviazione o la distruzione dei dati.<\/p>\n<p><strong>Comunicazione:<\/strong> ossia, rendere i dati personali accessibili, ad esempio consentendone l\u2019accesso, la trasmissione o la pubblicazione.<\/p>\n<ol start=\"2\">\n<li><strong> IDENTIT\u00c0 E CONTATTI DEL TITOLARE DEL TRATTAMENTO<\/strong><\/li>\n<\/ol>\n<p>Il soggetto che determina le finalit\u00e0 e i mezzi del presente trattamento di dati personali \u00e8 <strong>BIGNASCA SA<\/strong>, una societ\u00e0 di diritto svizzero con sede in Strada della Castellanza 51, 6968 Sonvico &#8211; Lugano (di seguito definita anche \u201cBignasca\u201d o \u201cTitolare del trattamento\u201d o \u201cSociet\u00e0\u201d o \u201cnoi\u201d).<\/p>\n<p>I contatti del Titolare del trattamento sono i seguenti: <a href=\"mailto:info@bignasca.ch\">info@bignasca.ch<\/a><\/p>\n<ol start=\"3\">\n<li><strong>SCOPO DEL TRATTAMENTO | MOTIVO GIUSTIFICATIVO | PERIODO DI CONSERVAZIONE DEI DATI<\/strong><\/li>\n<\/ol>\n<table border=\"1px\" width=\"100%\">\n<tbody>\n<tr>\n<td width=\"152\"><strong>SCOPO DEL TRATTAMENTO <\/strong><\/td>\n<td width=\"152\"><strong>MOTIVO GIUSTIFICATIVO | BASE GIURIDICA<\/strong><\/td>\n<td width=\"152\"><strong>PERIODO DI CONSERVAZIONE DEI DATI<\/strong><\/td>\n<\/tr>\n<tr>\n<td width=\"152\">a) Attivit\u00e0 strettamente necessarie alla navigazione dell\u2019utente su questo sito Internet e per controllare il suo corretto funzionamento.<\/td>\n<td width=\"152\">Interesse Preponderante del Titolare del trattamento | Legittimo Interesse del Titolare del trattamento<\/td>\n<td width=\"152\">I dati saranno conservati fino al termine della sessione di navigazione. Per i dati trattati con cookie tecnici, si prega di consultare la nostra Cookie Policy<\/td>\n<\/tr>\n<tr>\n<td width=\"152\">b) Ottenere informazioni statistiche anonime sull\u2019uso del sito.<\/td>\n<td width=\"152\">Si prega di consultare la nostra Cookie Policy<\/td>\n<td width=\"152\">Si prega di consultare la nostra Cookie Policy<\/td>\n<\/tr>\n<tr>\n<td width=\"152\">c) Rispondere alle richieste ricevute tramite il form &#8220;Contattaci&#8221;.<\/td>\n<td width=\"152\">Interesse Preponderante del Titolare del trattamento | Esecuzione di misure precontrattuali<\/td>\n<td width=\"152\">I dati saranno trattati per il tempo necessario a dare il riscontro chiesto e, in ogni caso, non oltre 1 anno dalla richiesta<\/td>\n<\/tr>\n<tr>\n<td width=\"152\">d) Elaborazione degli eventuali acquisti on-line e attivit\u00e0 amministrativo-contabili connesse (es. gestione dell\u2019ordine e della sua spedizione)<\/td>\n<td width=\"152\">Interesse Preponderante del Titolare del trattamento | Esecuzione di misure precontrattuali<\/td>\n<td width=\"152\">I dati saranno trattati fino a 10 anni dall\u2019acquisto<\/td>\n<\/tr>\n<\/tbody>\n<\/table>\n<p><strong><div class=\"fusion-separator fusion-full-width-sep\" style=\"align-self: center;margin-left: auto;margin-right: auto;margin-top:30px;width:100%;\"><\/div>3.1 MODALIT\u00c0 DI TRATTAMENTO DEI DATI<\/strong><\/p>\n<p>Il trattamento sar\u00e0 svolto in forma automatizzata e\/o manuale, con modalit\u00e0 e strumenti volti a garantire la massima sicurezza e riservatezza, ad opera di soggetti di ci\u00f2 appositamente istruiti. I dati personali raccolti verranno conservati in una forma che consenta l\u2019identificazione degli interessati per un arco di tempo non superiore al conseguimento delle finalit\u00e0 per le quali i dati personali sono trattati.<\/p>\n<ol start=\"4\">\n<li><strong> DESTINATARI DEI DATI PERSONALI\u00a0<\/strong><\/li>\n<\/ol>\n<p>Possiamo condividere le informazioni personali con i dipendenti e\/o il personale che agisce sotto l\u2019autorit\u00e0 del Titolare del trattamento (debitamente istruiti a tal fine), oltre a terzi vincolati a Bignasca da rapporto contrattuale, allo scopo di adempiere gli obblighi contrattuali e di soddisfare una o pi\u00f9 delle predette finalit\u00e0 del trattamento. Tali terzi elaboreranno i dati forniti in qualit\u00e0 di responsabili del trattamento o di titolari del trattamento indipendenti. Nello specifico, possiamo condividere i dati personali raccolti con le seguenti categorie di destinatari: a) soggetti che forniscono servizi correlati al funzionamento di questo sito internet, al sistema informatico di Bignasca e delle reti di telecomunicazione (per es., hosting provider, webmaster); b) societ\u00e0 di assistenza e consulenza (per es., agenzie di web&amp;digital marketing); c) autorit\u00e0 competenti per il rispetto degli obblighi di legge e\/o le disposizioni degli enti pubblici, su richiesta; d) fornitori di servizi di pagamento elettronico.<\/p>\n<ol start=\"5\">\n<li><strong> TRASMISSIONE DEI DATI PERSONALI AL DI FUORI DELLA CONFEDERAZIONE\u00a0<\/strong><\/li>\n<\/ol>\n<p>Il sito \u00e8 basato in Svizzera (hosting) e, pertanto, i dati personali trattati non saranno trasmessi all\u2019esterno della Confederazione Elvetica.<\/p>\n<ol start=\"6\">\n<li><strong> DIRITTI DELL\u2019INTERESSATO <\/strong><\/li>\n<\/ol>\n<table border=\"1px\" width=\"100%\">\n<tbody>\n<tr>\n<td width=\"247\">Ai sensi della LPD, Le sono riconosciuti i seguenti diritti (lista non esauriente):<\/p>\n<p>\u25cf\u00a0\u00a0\u00a0\u00a0\u00a0\u00a0 ottenere la rettifica dei dati personali inesatti o obsoleti;<\/p>\n<p>\u25cf\u00a0\u00a0\u00a0\u00a0\u00a0\u00a0 essere informato\/a per iscritto e gratuitamente se i dati personali che La riguardano sono oggetto di trattamento;<\/p>\n<p>\u25cf\u00a0\u00a0\u00a0\u00a0\u00a0\u00a0 prevenire la comunicazione a terzi di eventuali dati personali sensibili;<\/p>\n<p>\u25cf\u00a0\u00a0\u00a0\u00a0\u00a0\u00a0 ottenere la portabilit\u00e0 dei dati personali o richiedere che vengano trasferiti a terzi;<\/p>\n<p>\u25cf\u00a0\u00a0\u00a0\u00a0\u00a0\u00a0 richiedere la limitazione o il blocco del trattamento dei dati, la prevenzione della comunicazione dei dati a terzi o la rettifica o distruzione dei dati personali;<\/p>\n<p>\u25cf\u00a0\u00a0\u00a0\u00a0\u00a0\u00a0 richiedere il divieto di uno specifico trattamento dei dati personali e di una specifica comunicazione dei dati personali a terzi o la cancellazione o distruzione di determinati dati personali;<\/p>\n<p>\u25cf\u00a0\u00a0\u00a0\u00a0\u00a0\u00a0 qualora n\u00e9 la correttezza n\u00e9 l\u2019inesattezza dei dati personali possano essere provate, richiedere l\u2019aggiunta di una nota per indicare la contestazione;<\/p>\n<p>\u25cf\u00a0\u00a0\u00a0\u00a0\u00a0\u00a0 richiedere che la rettifica, la distruzione, il blocco, soprattutto la comunicazione a terzi, oltre alla nota sulla contestazione o sentenza venga comunicata a terzi o pubblicata;<\/p>\n<p>\u25cf\u00a0\u00a0\u00a0\u00a0\u00a0\u00a0 far dichiarare l\u2019illegittimit\u00e0 del trattamento dei dati personali.<\/td>\n<td width=\"247\">Ai sensi del GDPR, Le sono riconosciuti i seguenti diritti:<\/p>\n<p>\u25cf\u00a0\u00a0\u00a0\u00a0\u00a0\u00a0 Ottenere dal titolare del trattamento la conferma che sia o meno in corso un trattamento di dati personali che la riguardano e in tal caso, di ottenere l&#8217;accesso ai dati personali (Accesso);<\/p>\n<p>\u25cf\u00a0\u00a0\u00a0\u00a0\u00a0\u00a0 Ottenere dal titolare del trattamento la rettifica dei dati personali inesatti che lo riguardano (Rettifica);<\/p>\n<p>\u25cf\u00a0\u00a0\u00a0\u00a0\u00a0\u00a0 Ottenere dal titolare del trattamento la cancellazione dei dati personali che lo riguardano (Cancellazione);<\/p>\n<p>\u25cf\u00a0\u00a0\u00a0\u00a0\u00a0\u00a0 Ottenere dal titolare del trattamento la limitazione del trattamento (Limitazione);<\/p>\n<p>\u25cf\u00a0\u00a0\u00a0\u00a0\u00a0\u00a0 Ricevere in un formato strutturato, di uso comune e leggibile da dispositivo automatico i dati personali che la riguardano forniti a un titolare del trattamento e ha il diritto di trasmettere tali dati a un altro titolare del trattamento senza impedimenti da parte del titolare del trattamento cui li ha forniti (Portabilit\u00e0);<\/p>\n<p>\u25cf\u00a0\u00a0\u00a0\u00a0\u00a0\u00a0 Opporsi in qualsiasi momento, per motivi connessi alla sua situazione particolare, al trattamento dei dati personali che lo riguardano (Opposizione).<\/td>\n<\/tr>\n<\/tbody>\n<\/table>\n<p>Riservato ogni altro ricorso amministrativo e giurisdizionale, se l\u2019utente ritiene che il trattamento dei dati che lo riguarda violi quanto previsto dalla LPD e dal GDPR, ha il diritto di proporre reclamo alla competente Autorit\u00e0 di controllo (Per la Svizzera: Incaricato Federale per la Protezione dei dati e per la Trasparenza; per lo Spazio Economico Europeo, si pu\u00f2 consultare il sito web dell\u2019European Data Protection Board qui <a href=\"https:\/\/edpb.europa.eu\/about-edpb\/about-edpb\/members_it\">https:\/\/edpb.europa.eu\/about-edpb\/about-edpb\/members_it<\/a>).<\/p>\n<p>Pu\u00f2 esercitare i Suoi diritti ai sensi della LPD e del GDPR (per quanto applicabili) contattando il Titolare del trattamento scrivendo agli indirizzi sopra indicati.<\/p>\n<ol start=\"7\">\n<li><strong> INFORMAZIONI AGGIUNTIVE | MODIFICHE | AGGIORNAMENTI<\/strong><\/li>\n<\/ol>\n<p>Non vendiamo i dati personali che trattiamo.<\/p>\n<p>Il Titolare del trattamento si riserva il diritto di rivedere, aggiornare, aggiungere o rimuovere qualsiasi parte della presente informativa sulla privacy a propria discrezione in qualsiasi momento. In caso di modifiche, verr\u00e0 indicata la data di aggiornamento.<\/p>\n<p><strong>Data dell\u2019ultimo aggiornamento:<\/strong> 25 maggio 2023<\/p>\n<\/div><\/div><\/div><\/div><\/div>\n","protected":false},"excerpt":{"rendered":"","protected":false},"author":1,"featured_media":0,"parent":0,"menu_order":0,"comment_status":"closed","ping_status":"closed","template":"","meta":{"_acf_changed":false,"footnotes":""},"class_list":["post-1701","page","type-page","status-publish","hentry"],"acf":[],"_links":{"self":[{"href":"https:\/\/bignasca.ch\/fr\/wp-json\/wp\/v2\/pages\/1701","targetHints":{"allow":["GET"]}}],"collection":[{"href":"https:\/\/bignasca.ch\/fr\/wp-json\/wp\/v2\/pages"}],"about":[{"href":"https:\/\/bignasca.ch\/fr\/wp-json\/wp\/v2\/types\/page"}],"author":[{"embeddable":true,"href":"https:\/\/bignasca.ch\/fr\/wp-json\/wp\/v2\/users\/1"}],"replies":[{"embeddable":true,"href":"https:\/\/bignasca.ch\/fr\/wp-json\/wp\/v2\/comments?post=1701"}],"version-history":[{"count":0,"href":"https:\/\/bignasca.ch\/fr\/wp-json\/wp\/v2\/pages\/1701\/revisions"}],"wp:attachment":[{"href":"https:\/\/bignasca.ch\/fr\/wp-json\/wp\/v2\/media?parent=1701"}],"curies":[{"name":"wp","href":"https:\/\/api.w.org\/{rel}","templated":true}]}}