{"id":8474,"date":"2026-02-25T10:36:51","date_gmt":"2026-02-25T09:36:51","guid":{"rendered":"https:\/\/bignasca.ch\/home-page-pasqua\/"},"modified":"2026-02-25T14:48:16","modified_gmt":"2026-02-25T13:48:16","slug":"home-page-paques","status":"publish","type":"page","link":"https:\/\/bignasca.ch\/fr\/","title":{"rendered":"Home Page P\u00e2ques"},"content":{"rendered":"<p><div class=\"fusion-bg-parallax\" data-bg-align=\"right bottom\" data-direction=\"up\" data-mute=\"false\" data-opacity=\"100\" data-velocity=\"-0.2\" data-mobile-enabled=\"false\" data-break_parents=\"0\" data-bg-image=\"https:\/\/bignasca.ch\/wp-content\/uploads\/2026\/02\/pasqua2.jpg\" data-bg-repeat=\"false\" data-bg-gradient-type=\"linear\" data-bg-gradient-angle=\"0\" data-bg-gradient-start-color=\"rgba(0,0,0,0.3)\" data-bg-gradient-start-position=\"0\" data-bg-gradient-end-color=\"rgba(255,255,255,0)\" data-bg-gradient-end-position=\"50\" data-bg-radial-direction=\"center center\" ><\/div><div class=\"fusion-fullwidth fullwidth-box fusion-builder-row-1 fusion-flex-container has-pattern-background has-mask-background fusion-parallax-up nonhundred-percent-fullwidth non-hundred-percent-height-scrolling fusion-no-small-visibility\" style=\"--awb-background-position:right bottom;--awb-border-radius-top-left:0px;--awb-border-radius-top-right:0px;--awb-border-radius-bottom-right:0px;--awb-border-radius-bottom-left:0px;--awb-padding-top:130px;--awb-padding-bottom:130px;--awb-background-image:linear-gradient(0deg, rgba(0,0,0,0.3) 0%,rgba(255,255,255,0) 50%),url(https:\/\/bignasca.ch\/wp-content\/uploads\/2026\/02\/pasqua2.jpg);;--awb-background-size:cover;--awb-flex-wrap:wrap;\" ><div class=\"fusion-builder-row fusion-row fusion-flex-align-items-flex-start fusion-flex-content-wrap\" style=\"max-width:1352px;margin-left: calc(-4% \/ 2 );margin-right: calc(-4% \/ 2 );\"><div class=\"fusion-layout-column fusion_builder_column fusion-builder-column-0 fusion_builder_column_1_2 1_2 fusion-flex-column\" style=\"--awb-bg-size:cover;--awb-width-large:50%;--awb-margin-top-large:0px;--awb-spacing-right-large:3.84%;--awb-margin-bottom-large:20px;--awb-spacing-left-large:3.84%;--awb-width-medium:100%;--awb-order-medium:0;--awb-spacing-right-medium:1.92%;--awb-spacing-left-medium:1.92%;--awb-width-small:100%;--awb-order-small:0;--awb-spacing-right-small:1.92%;--awb-spacing-left-small:1.92%;\"><div class=\"fusion-column-wrapper fusion-column-has-shadow fusion-flex-justify-content-flex-start fusion-content-layout-column\"><div class=\"fusion-text fusion-text-1\" style=\"--awb-text-color:var(--awb-color6);\"><p><span style=\"color: #333399;\"><strong>DEPUIS PLUS D\u2019UN SI\u00c8CLE, PAR PASSION<\/strong><\/span><\/p>\n<h1><span style=\"color: #333399;\">Toutes les Saveurs<\/span><br \/>\n<span style=\"color: #333399;\">de la Tradition<\/span><\/h1>\n<\/div><div ><a class=\"fusion-button button-flat fusion-button-default-size button-default fusion-button-default button-1 fusion-button-default-span fusion-button-default-type\" target=\"_self\" href=\"\/fr\/shop\/\"><span class=\"fusion-button-text awb-button__text awb-button__text--default\">Commandez un produit maintenant<\/span><\/a><\/div><div class=\"fusion-separator fusion-full-width-sep\" style=\"align-self: center;margin-left: auto;margin-right: auto;margin-top:50px;width:100%;\"><\/div><\/div><\/div><div class=\"fusion-layout-column fusion_builder_column fusion-builder-column-1 fusion_builder_column_1_2 1_2 fusion-flex-column\" style=\"--awb-bg-size:cover;--awb-width-large:50%;--awb-margin-top-large:0px;--awb-spacing-right-large:3.84%;--awb-margin-bottom-large:20px;--awb-spacing-left-large:3.84%;--awb-width-medium:100%;--awb-order-medium:0;--awb-spacing-right-medium:1.92%;--awb-spacing-left-medium:1.92%;--awb-width-small:100%;--awb-order-small:0;--awb-spacing-right-small:1.92%;--awb-spacing-left-small:1.92%;\"><div class=\"fusion-column-wrapper fusion-column-has-shadow fusion-flex-justify-content-flex-start fusion-content-layout-column\"><\/div><\/div><\/div><\/div><div class=\"fusion-fullwidth fullwidth-box fusion-builder-row-2 fusion-flex-container has-pattern-background has-mask-background fusion-parallax-none nonhundred-percent-fullwidth non-hundred-percent-height-scrolling fusion-no-medium-visibility fusion-no-large-visibility\" style=\"--awb-background-position:center bottom;--awb-border-radius-top-left:0px;--awb-border-radius-top-right:0px;--awb-border-radius-bottom-right:0px;--awb-border-radius-bottom-left:0px;--awb-padding-top:100px;--awb-padding-bottom:100px;--awb-background-image:url(&quot;https:\/\/bignasca.ch\/wp-content\/uploads\/2026\/02\/head.jpg&quot;);--awb-background-size:cover;--awb-flex-wrap:wrap;\" ><div class=\"fusion-builder-row fusion-row fusion-flex-align-items-flex-start fusion-flex-content-wrap\" style=\"max-width:1352px;margin-left: calc(-4% \/ 2 );margin-right: calc(-4% \/ 2 );\"><div class=\"fusion-layout-column fusion_builder_column fusion-builder-column-2 fusion_builder_column_1_2 1_2 fusion-flex-column\" style=\"--awb-bg-size:cover;--awb-width-large:50%;--awb-margin-top-large:0px;--awb-spacing-right-large:3.84%;--awb-margin-bottom-large:20px;--awb-spacing-left-large:3.84%;--awb-width-medium:100%;--awb-order-medium:0;--awb-spacing-right-medium:1.92%;--awb-spacing-left-medium:1.92%;--awb-width-small:100%;--awb-order-small:0;--awb-spacing-right-small:1.92%;--awb-spacing-left-small:1.92%;\"><div class=\"fusion-column-wrapper fusion-column-has-shadow fusion-flex-justify-content-flex-start fusion-content-layout-column\"><div class=\"fusion-text fusion-text-2\" style=\"--awb-text-color:var(--awb-color6);\"><p><span style=\"color: #333399;\"><strong>DEPUIS PLUS D\u2019UN SI\u00c8CLE, PAR PASSION<\/strong><\/span><\/p>\n<h1><span style=\"color: #333399;\">Toutes les Saveurs<\/span><br \/>\n<span style=\"color: #333399;\">de la Tradition<\/span><\/h1>\n<\/div><div ><a class=\"fusion-button button-flat fusion-button-default-size button-default fusion-button-default button-2 fusion-button-default-span fusion-button-default-type\" target=\"_self\" href=\"\/fr\/shop\/\"><span class=\"fusion-button-text awb-button__text awb-button__text--default\">Commandez un produit maintenant<\/span><\/a><\/div><div class=\"fusion-separator fusion-full-width-sep\" style=\"align-self: center;margin-left: auto;margin-right: auto;margin-top:50px;width:100%;\"><\/div><\/div><\/div><div class=\"fusion-layout-column fusion_builder_column fusion-builder-column-3 fusion_builder_column_1_2 1_2 fusion-flex-column\" style=\"--awb-bg-size:cover;--awb-width-large:50%;--awb-margin-top-large:0px;--awb-spacing-right-large:3.84%;--awb-margin-bottom-large:20px;--awb-spacing-left-large:3.84%;--awb-width-medium:100%;--awb-order-medium:0;--awb-spacing-right-medium:1.92%;--awb-spacing-left-medium:1.92%;--awb-width-small:100%;--awb-order-small:0;--awb-spacing-right-small:1.92%;--awb-spacing-left-small:1.92%;\"><div class=\"fusion-column-wrapper fusion-column-has-shadow fusion-flex-justify-content-flex-start fusion-content-layout-column\"><\/div><\/div><\/div><\/div><div class=\"fusion-fullwidth fullwidth-box fusion-builder-row-3 fusion-flex-container has-pattern-background has-mask-background nonhundred-percent-fullwidth non-hundred-percent-height-scrolling fusion-custom-z-index\" style=\"--awb-border-sizes-top:30px;--awb-border-sizes-bottom:30px;--awb-border-sizes-left:30px;--awb-border-sizes-right:30px;--awb-border-color:var(--awb-color1);--awb-border-radius-top-left:90px;--awb-border-radius-top-right:90px;--awb-border-radius-bottom-right:90px;--awb-border-radius-bottom-left:90px;--awb-overflow:hidden;--awb-z-index:1000;--awb-margin-top:-100px;--awb-background-color:#ffffffff;--awb-flex-wrap:wrap;\" ><div class=\"fusion-builder-row fusion-row fusion-flex-align-items-flex-start fusion-flex-content-wrap\" style=\"max-width:1352px;margin-left: calc(-4% \/ 2 );margin-right: calc(-4% \/ 2 );\"><div class=\"fusion-layout-column fusion_builder_column fusion-builder-column-4 fusion_builder_column_1_1 1_1 fusion-flex-column\" style=\"--awb-bg-size:cover;--awb-width-large:100%;--awb-margin-top-large:0px;--awb-spacing-right-large:1.92%;--awb-margin-bottom-large:20px;--awb-spacing-left-large:1.92%;--awb-width-medium:100%;--awb-order-medium:0;--awb-spacing-right-medium:1.92%;--awb-spacing-left-medium:1.92%;--awb-width-small:100%;--awb-order-small:0;--awb-spacing-right-small:1.92%;--awb-spacing-left-small:1.92%;\" data-scroll-devices=\"small-visibility,medium-visibility,large-visibility\"><div class=\"fusion-column-wrapper fusion-column-has-shadow fusion-flex-justify-content-flex-start fusion-content-layout-column\"><div class=\"fusion-separator fusion-full-width-sep\" style=\"align-self: center;margin-left: auto;margin-right: auto;margin-top:30px;width:100%;\"><\/div><div class=\"fusion-text fusion-text-3\" style=\"--awb-content-alignment:center;--awb-text-color:var(--awb-color6);\"><h3 style=\"text-align: center;\">Produits vedettes<\/h3>\n<\/div><div class=\"fusion-separator fusion-full-width-sep\" style=\"align-self: center;margin-left: auto;margin-right: auto;margin-top:-30px;width:100%;\"><\/div><div class=\"fusion-woo-product-slider fusion-woo-slider\"><div class=\"awb-carousel awb-swiper awb-swiper-carousel fusion-carousel-title-below-image\" style=\"--awb-columns:4;--awb-column-spacing:15px;\" data-metacontent=\"yes\" data-autoplay=\"no\" data-columns=\"4\" data-itemmargin=\"15\" data-itemwidth=\"180\" data-touchscroll=\"no\" data-imagesize=\"auto\" data-scrollitems=\"1\"><div class=\"swiper-wrapper\"><div class=\"swiper-slide\"><div class=\"fusion-classic-product-image-wrapper\"><div class=\"fusion-carousel-item-wrapper\"><div  class=\"fusion-image-wrapper\" aria-haspopup=\"true\">\n\t\t\t\t<div class=\"fusion-woo-badges-wrapper\">\n\t<div class=\"fusion-out-of-stock\">\n\t\t<div class=\"fusion-position-text\">\n\t\t\tEsaurito\t\t<\/div>\n\t<\/div>\n<\/div><img decoding=\"async\" width=\"800\" height=\"800\" src=\"https:\/\/bignasca.ch\/wp-content\/uploads\/2019\/03\/Senza-titolo-1.jpg\" class=\"attachment-full size-full wp-post-image\" alt=\"\" srcset=\"https:\/\/bignasca.ch\/wp-content\/uploads\/2019\/03\/Senza-titolo-1-200x200.jpg 200w, https:\/\/bignasca.ch\/wp-content\/uploads\/2019\/03\/Senza-titolo-1-400x400.jpg 400w, https:\/\/bignasca.ch\/wp-content\/uploads\/2019\/03\/Senza-titolo-1-600x600.jpg 600w, https:\/\/bignasca.ch\/wp-content\/uploads\/2019\/03\/Senza-titolo-1.jpg 800w\" sizes=\"(min-width: 2200px) 100vw, (min-width: 916px) 314px, (min-width: 824px) 418px, (min-width: 732px) 628px, (min-width: 640px) 732px, \" \/><div class=\"fusion-rollover\">\n\t<div class=\"fusion-rollover-content\">\n\n\t\t\t\t\n\t\t\n\t\t\t\t\t\t\t\t\n\t\t\t\t\t\t\t\t\n\t\t\n\t\t\t\t\t\t\t\t\n\t\t\t\t\t\t\n\t\t\t\t\t\t\t\t\t\t<div class=\"fusion-product-buttons\">\n\t\t\t\t\t\n<a href=\"https:\/\/bignasca.ch\/fr\/prodotto\/colomba-classica\/\" class=\"show_details_button\" style=\"float:none;max-width:none;text-align:center;\">\n\tDetails<\/a>\n\n\t\t\t\t<\/div>\n\t\t\t\t\t\t\t\t\t<a class=\"fusion-link-wrapper\" href=\"https:\/\/bignasca.ch\/fr\/prodotto\/colomba-classica\/\" aria-label=\"Colomba classica\"><\/a>\n\t<\/div>\n<\/div>\n<\/div>\n<h4 class=\"fusion-carousel-title product-title\"><a href=\"https:\/\/bignasca.ch\/fr\/prodotto\/colomba-classica\/\" target=\"_self\">Colomba classica<\/a><\/h4><div class=\"fusion-carousel-meta\"><\/div><\/div><\/div><\/div><div class=\"swiper-slide\"><div class=\"fusion-classic-product-image-wrapper\"><div class=\"fusion-carousel-item-wrapper\"><div  class=\"fusion-image-wrapper\" aria-haspopup=\"true\">\n\t\t\t\t<div class=\"fusion-woo-badges-wrapper\">\n\t<div class=\"fusion-out-of-stock\">\n\t\t<div class=\"fusion-position-text\">\n\t\t\tEsaurito\t\t<\/div>\n\t<\/div>\n<\/div><img decoding=\"async\" width=\"800\" height=\"800\" src=\"https:\/\/bignasca.ch\/wp-content\/uploads\/2019\/03\/Senza-titolo-2.jpg\" class=\"attachment-full size-full wp-post-image\" alt=\"\" srcset=\"https:\/\/bignasca.ch\/wp-content\/uploads\/2019\/03\/Senza-titolo-2-200x200.jpg 200w, https:\/\/bignasca.ch\/wp-content\/uploads\/2019\/03\/Senza-titolo-2-400x400.jpg 400w, https:\/\/bignasca.ch\/wp-content\/uploads\/2019\/03\/Senza-titolo-2-600x600.jpg 600w, https:\/\/bignasca.ch\/wp-content\/uploads\/2019\/03\/Senza-titolo-2.jpg 800w\" sizes=\"(min-width: 2200px) 100vw, (min-width: 916px) 314px, (min-width: 824px) 418px, (min-width: 732px) 628px, (min-width: 640px) 732px, \" \/><div class=\"fusion-rollover\">\n\t<div class=\"fusion-rollover-content\">\n\n\t\t\t\t\n\t\t\n\t\t\t\t\t\t\t\t\n\t\t\t\t\t\t\t\t\n\t\t\n\t\t\t\t\t\t\t\t\n\t\t\t\t\t\t\n\t\t\t\t\t\t\t\t\t\t<div class=\"fusion-product-buttons\">\n\t\t\t\t\t\n<a href=\"https:\/\/bignasca.ch\/fr\/prodotto\/colomba-alle-castagne\/\" class=\"show_details_button\" style=\"float:none;max-width:none;text-align:center;\">\n\tDetails<\/a>\n\n\t\t\t\t<\/div>\n\t\t\t\t\t\t\t\t\t<a class=\"fusion-link-wrapper\" href=\"https:\/\/bignasca.ch\/fr\/prodotto\/colomba-alle-castagne\/\" aria-label=\"Colomba alle castagne\"><\/a>\n\t<\/div>\n<\/div>\n<\/div>\n<h4 class=\"fusion-carousel-title product-title\"><a href=\"https:\/\/bignasca.ch\/fr\/prodotto\/colomba-alle-castagne\/\" target=\"_self\">Colomba alle castagne<\/a><\/h4><div class=\"fusion-carousel-meta\"><\/div><\/div><\/div><\/div><div class=\"swiper-slide\"><div class=\"fusion-classic-product-image-wrapper\"><div class=\"fusion-carousel-item-wrapper\"><div  class=\"fusion-image-wrapper\" aria-haspopup=\"true\">\n\t\t\t\t<div class=\"fusion-woo-badges-wrapper\">\n\t<div class=\"fusion-out-of-stock\">\n\t\t<div class=\"fusion-position-text\">\n\t\t\tEsaurito\t\t<\/div>\n\t<\/div>\n<\/div><img decoding=\"async\" width=\"800\" height=\"800\" src=\"https:\/\/bignasca.ch\/wp-content\/uploads\/2019\/03\/Senza-titolo-15.jpg\" class=\"attachment-full size-full wp-post-image\" alt=\"\" srcset=\"https:\/\/bignasca.ch\/wp-content\/uploads\/2019\/03\/Senza-titolo-15-200x200.jpg 200w, https:\/\/bignasca.ch\/wp-content\/uploads\/2019\/03\/Senza-titolo-15-400x400.jpg 400w, https:\/\/bignasca.ch\/wp-content\/uploads\/2019\/03\/Senza-titolo-15-600x600.jpg 600w, https:\/\/bignasca.ch\/wp-content\/uploads\/2019\/03\/Senza-titolo-15.jpg 800w\" sizes=\"(min-width: 2200px) 100vw, (min-width: 916px) 314px, (min-width: 824px) 418px, (min-width: 732px) 628px, (min-width: 640px) 732px, \" \/><div class=\"fusion-rollover\">\n\t<div class=\"fusion-rollover-content\">\n\n\t\t\t\t\n\t\t\n\t\t\t\t\t\t\t\t\n\t\t\t\t\t\t\t\t\n\t\t\n\t\t\t\t\t\t\t\t\n\t\t\t\t\t\t\n\t\t\t\t\t\t\t\t\t\t<div class=\"fusion-product-buttons\">\n\t\t\t\t\t\n<a href=\"https:\/\/bignasca.ch\/fr\/prodotto\/colomba-al-cioccolato\/\" class=\"show_details_button\" style=\"float:none;max-width:none;text-align:center;\">\n\tDetails<\/a>\n\n\t\t\t\t<\/div>\n\t\t\t\t\t\t\t\t\t<a class=\"fusion-link-wrapper\" href=\"https:\/\/bignasca.ch\/fr\/prodotto\/colomba-al-cioccolato\/\" aria-label=\"Colomba al cioccolato\"><\/a>\n\t<\/div>\n<\/div>\n<\/div>\n<h4 class=\"fusion-carousel-title product-title\"><a href=\"https:\/\/bignasca.ch\/fr\/prodotto\/colomba-al-cioccolato\/\" target=\"_self\">Colomba al cioccolato<\/a><\/h4><div class=\"fusion-carousel-meta\"><\/div><\/div><\/div><\/div><\/div><div class=\"awb-swiper-button awb-swiper-button-prev\"><i class=\"awb-icon-angle-left\" aria-hidden=\"true\"><\/i><\/div><div class=\"awb-swiper-button awb-swiper-button-next\"><i class=\"awb-icon-angle-right\" aria-hidden=\"true\"><\/i><\/div><\/div><\/div><div class=\"fusion-separator fusion-full-width-sep\" style=\"align-self: center;margin-left: auto;margin-right: auto;margin-top:-20px;width:100%;\"><\/div><div style=\"text-align:center;\"><a class=\"fusion-button button-flat fusion-button-default-size button-default fusion-button-default button-3 fusion-button-default-span fusion-button-default-type\" target=\"_self\" href=\"\/fr\/shop\/\"><span class=\"fusion-button-text awb-button__text awb-button__text--default\">Achetez-les maintenant en magasin<\/span><\/a><\/div><\/div><\/div><\/div><\/div><div class=\"fusion-fullwidth fullwidth-box fusion-builder-row-4 fusion-flex-container has-pattern-background has-mask-background nonhundred-percent-fullwidth non-hundred-percent-height-scrolling fusion-custom-z-index\" style=\"--awb-border-sizes-top:30px;--awb-border-sizes-bottom:30px;--awb-border-sizes-left:30px;--awb-border-sizes-right:30px;--awb-border-color:var(--awb-color1);--awb-border-radius-top-left:90px;--awb-border-radius-top-right:90px;--awb-border-radius-bottom-right:90px;--awb-border-radius-bottom-left:90px;--awb-overflow:hidden;--awb-z-index:1000;--awb-margin-bottom:100px;--awb-background-color:#ffffffff;--awb-flex-wrap:wrap;\" ><div class=\"fusion-builder-row fusion-row fusion-flex-align-items-stretch fusion-flex-content-wrap\" style=\"max-width:1352px;margin-left: calc(-4% \/ 2 );margin-right: calc(-4% \/ 2 );\"><div class=\"fusion-layout-column fusion_builder_column fusion-builder-column-5 fusion_builder_column_1_2 1_2 fusion-flex-column fusion-flex-align-self-stretch\" style=\"--awb-bg-size:cover;--awb-width-large:50%;--awb-margin-top-large:0px;--awb-spacing-right-large:4em;--awb-margin-bottom-large:20px;--awb-spacing-left-large:3.84%;--awb-width-medium:100%;--awb-order-medium:0;--awb-spacing-right-medium:1.92%;--awb-spacing-left-medium:1.92%;--awb-width-small:100%;--awb-order-small:0;--awb-spacing-right-small:1.92%;--awb-spacing-left-small:1.92%;\" data-scroll-devices=\"small-visibility,medium-visibility,large-visibility\"><div class=\"fusion-column-wrapper fusion-column-has-shadow fusion-flex-justify-content-flex-start fusion-content-layout-column\"><div class=\"fusion-separator fusion-full-width-sep\" style=\"align-self: center;margin-left: auto;margin-right: auto;margin-top:30px;width:100%;\"><\/div><div class=\"fusion-text fusion-text-4\" style=\"--awb-text-color:var(--awb-color6);\"><h3>Panetteria Bignasca<\/h3>\n<p>Nous sommes une entreprise familiale bas\u00e9e \u00e0 Sonvico, au Tessin, active depuis plus d\u2019un si\u00e8cle dans le domaine de la boulangerie et de la p\u00e2tisserie. Depuis 1911 nous transmettons \u00e0 nos produits les valeurs de qualit\u00e9 et de savoir-faire artisanal.<\/p>\n<p>Notre \u00e9quipe est compos\u00e9e d\u2019une trentaine d\u2019employ\u00e9s qui garantissent un service optimal \u00e0 nos clients.<\/p>\n<\/div><div class=\"fusion-separator fusion-full-width-sep\" style=\"align-self: center;margin-left: auto;margin-right: auto;flex-grow:1;margin-top:0px;width:100%;\"><\/div><div ><a class=\"fusion-button button-flat fusion-button-default-size button-default fusion-button-default button-4 fusion-button-default-span fusion-button-default-type\" target=\"_self\" href=\"\/fr\/bignasca-sa\/\"><span class=\"fusion-button-text awb-button__text awb-button__text--default\">En savoir plus<\/span><\/a><\/div><\/div><\/div><\/div><\/div><div class=\"fusion-bg-parallax\" data-bg-align=\"right center\" data-direction=\"up\" data-mute=\"false\" data-opacity=\"100\" data-velocity=\"-0.2\" data-mobile-enabled=\"false\" data-break_parents=\"0\" data-bg-image=\"https:\/\/bignasca.ch\/wp-content\/uploads\/2026\/02\/foot1.jpg\" data-bg-repeat=\"false\" data-bg-gradient-type=\"linear\" data-bg-gradient-angle=\"0\" data-bg-gradient-start-color=\"rgba(0,0,0,0.3)\" data-bg-gradient-start-position=\"0\" data-bg-gradient-end-color=\"rgba(255,255,255,0)\" data-bg-gradient-end-position=\"50\" data-bg-radial-direction=\"center center\" ><\/div><div class=\"fusion-fullwidth fullwidth-box fusion-builder-row-5 fusion-flex-container has-pattern-background has-mask-background fusion-parallax-up nonhundred-percent-fullwidth non-hundred-percent-height-scrolling fusion-no-small-visibility\" style=\"--awb-background-position:right center;--awb-border-radius-top-left:0px;--awb-border-radius-top-right:0px;--awb-border-radius-bottom-right:0px;--awb-border-radius-bottom-left:0px;--awb-padding-top:130px;--awb-padding-bottom:130px;--awb-margin-bottom:60px;--awb-background-image:linear-gradient(0deg, rgba(0,0,0,0.3) 0%,rgba(255,255,255,0) 50%),url(https:\/\/bignasca.ch\/wp-content\/uploads\/2026\/02\/foot1.jpg);;--awb-background-size:cover;--awb-flex-wrap:wrap;\" ><div class=\"fusion-builder-row fusion-row fusion-flex-align-items-flex-start fusion-flex-content-wrap\" style=\"max-width:1352px;margin-left: calc(-4% \/ 2 );margin-right: calc(-4% \/ 2 );\"><div class=\"fusion-layout-column fusion_builder_column fusion-builder-column-6 fusion_builder_column_1_2 1_2 fusion-flex-column\" style=\"--awb-bg-size:cover;--awb-width-large:50%;--awb-margin-top-large:0px;--awb-spacing-right-large:3.84%;--awb-margin-bottom-large:20px;--awb-spacing-left-large:3.84%;--awb-width-medium:100%;--awb-order-medium:0;--awb-spacing-right-medium:1.92%;--awb-spacing-left-medium:1.92%;--awb-width-small:100%;--awb-order-small:0;--awb-spacing-right-small:1.92%;--awb-spacing-left-small:1.92%;\"><div class=\"fusion-column-wrapper fusion-column-has-shadow fusion-flex-justify-content-flex-start fusion-content-layout-column\"><div class=\"fusion-text fusion-text-5\" style=\"--awb-text-color:var(--awb-color6);\"><p><span style=\"color: #333399;\"><strong>PRODUITS POUR P\u00c2QUES<\/strong><\/span><\/p>\n<h2><span style=\"color: #333399;\">La colombe artisanale :<\/span><br \/>\n<span style=\"color: #333399;\">le cadeau parfait pour P\u00e2ques !<\/span><\/h2>\n<\/div><div ><a class=\"fusion-button button-flat fusion-button-default-size button-default fusion-button-default button-5 fusion-button-default-span fusion-button-default-type\" target=\"_self\" href=\"\/fr\/shop\/\"><span class=\"fusion-button-text awb-button__text awb-button__text--default\">Commandez maintenant !<\/span><\/a><\/div><\/div><\/div><div class=\"fusion-layout-column fusion_builder_column fusion-builder-column-7 fusion_builder_column_1_2 1_2 fusion-flex-column\" style=\"--awb-bg-size:cover;--awb-width-large:50%;--awb-margin-top-large:0px;--awb-spacing-right-large:3.84%;--awb-margin-bottom-large:20px;--awb-spacing-left-large:3.84%;--awb-width-medium:100%;--awb-order-medium:0;--awb-spacing-right-medium:1.92%;--awb-spacing-left-medium:1.92%;--awb-width-small:100%;--awb-order-small:0;--awb-spacing-right-small:1.92%;--awb-spacing-left-small:1.92%;\"><div class=\"fusion-column-wrapper fusion-column-has-shadow fusion-flex-justify-content-flex-start fusion-content-layout-column\"><\/div><\/div><\/div><\/div><div class=\"fusion-fullwidth fullwidth-box fusion-builder-row-6 fusion-flex-container has-pattern-background has-mask-background fusion-parallax-none nonhundred-percent-fullwidth non-hundred-percent-height-scrolling fusion-no-medium-visibility fusion-no-large-visibility\" style=\"--awb-background-position:center bottom;--awb-border-radius-top-left:0px;--awb-border-radius-top-right:0px;--awb-border-radius-bottom-right:0px;--awb-border-radius-bottom-left:0px;--awb-padding-top:100px;--awb-padding-bottom:100px;--awb-margin-bottom:60px;--awb-background-image:url(&quot;https:\/\/bignasca.ch\/wp-content\/uploads\/2026\/02\/foot2.jpg&quot;);--awb-background-size:cover;--awb-flex-wrap:wrap;\" ><div class=\"fusion-builder-row fusion-row fusion-flex-align-items-flex-start fusion-flex-content-wrap\" style=\"max-width:1352px;margin-left: calc(-4% \/ 2 );margin-right: calc(-4% \/ 2 );\"><div class=\"fusion-layout-column fusion_builder_column fusion-builder-column-8 fusion_builder_column_1_2 1_2 fusion-flex-column\" style=\"--awb-bg-size:cover;--awb-width-large:50%;--awb-margin-top-large:0px;--awb-spacing-right-large:3.84%;--awb-margin-bottom-large:20px;--awb-spacing-left-large:3.84%;--awb-width-medium:100%;--awb-order-medium:0;--awb-spacing-right-medium:1.92%;--awb-spacing-left-medium:1.92%;--awb-width-small:100%;--awb-order-small:0;--awb-spacing-right-small:1.92%;--awb-spacing-left-small:1.92%;\"><div class=\"fusion-column-wrapper fusion-column-has-shadow fusion-flex-justify-content-flex-start fusion-content-layout-column\"><div class=\"fusion-text fusion-text-6\" style=\"--awb-text-color:var(--awb-color6);\"><p><span style=\"color: #333399;\"><strong>PRODUITS POUR P\u00c2QUES<\/strong><\/span><\/p>\n<h2><span style=\"color: #333399;\">La colombe artisanale :<\/span><br \/>\n<span style=\"color: #333399;\">le cadeau parfait pour P\u00e2ques !<\/span><\/h2>\n<\/div><div ><a class=\"fusion-button button-flat fusion-button-default-size button-default fusion-button-default button-6 fusion-button-default-span fusion-button-default-type\" target=\"_self\" href=\"\/fr\/shop\/\"><span class=\"fusion-button-text awb-button__text awb-button__text--default\">Commandez maintenant !<\/span><\/a><\/div><div class=\"fusion-separator fusion-full-width-sep\" style=\"align-self: center;margin-left: auto;margin-right: auto;margin-top:300px;width:100%;\"><\/div><\/div><\/div><div class=\"fusion-layout-column fusion_builder_column fusion-builder-column-9 fusion_builder_column_1_2 1_2 fusion-flex-column\" style=\"--awb-bg-size:cover;--awb-width-large:50%;--awb-margin-top-large:0px;--awb-spacing-right-large:3.84%;--awb-margin-bottom-large:20px;--awb-spacing-left-large:3.84%;--awb-width-medium:100%;--awb-order-medium:0;--awb-spacing-right-medium:1.92%;--awb-spacing-left-medium:1.92%;--awb-width-small:100%;--awb-order-small:0;--awb-spacing-right-small:1.92%;--awb-spacing-left-small:1.92%;\"><div class=\"fusion-column-wrapper fusion-column-has-shadow fusion-flex-justify-content-flex-start fusion-content-layout-column\"><\/div><\/div><\/div><\/div><\/p>\n","protected":false},"excerpt":{"rendered":"","protected":false},"author":1,"featured_media":0,"parent":0,"menu_order":0,"comment_status":"closed","ping_status":"closed","template":"100-width.php","meta":{"_acf_changed":false,"footnotes":""},"class_list":["post-8474","page","type-page","status-publish","hentry"],"acf":[],"_links":{"self":[{"href":"https:\/\/bignasca.ch\/fr\/wp-json\/wp\/v2\/pages\/8474","targetHints":{"allow":["GET"]}}],"collection":[{"href":"https:\/\/bignasca.ch\/fr\/wp-json\/wp\/v2\/pages"}],"about":[{"href":"https:\/\/bignasca.ch\/fr\/wp-json\/wp\/v2\/types\/page"}],"author":[{"embeddable":true,"href":"https:\/\/bignasca.ch\/fr\/wp-json\/wp\/v2\/users\/1"}],"replies":[{"embeddable":true,"href":"https:\/\/bignasca.ch\/fr\/wp-json\/wp\/v2\/comments?post=8474"}],"version-history":[{"count":3,"href":"https:\/\/bignasca.ch\/fr\/wp-json\/wp\/v2\/pages\/8474\/revisions"}],"predecessor-version":[{"id":8486,"href":"https:\/\/bignasca.ch\/fr\/wp-json\/wp\/v2\/pages\/8474\/revisions\/8486"}],"wp:attachment":[{"href":"https:\/\/bignasca.ch\/fr\/wp-json\/wp\/v2\/media?parent=8474"}],"curies":[{"name":"wp","href":"https:\/\/api.w.org\/{rel}","templated":true}]}}