{"id":1853,"date":"2019-03-03T09:32:58","date_gmt":"2019-03-03T08:32:58","guid":{"rendered":"https:\/\/bignasca.ch\/?post_type=product&#038;p=1853"},"modified":"2026-01-15T15:59:59","modified_gmt":"2026-01-15T14:59:59","slug":"colomba-classica","status":"publish","type":"product","link":"https:\/\/bignasca.ch\/fr\/prodotto\/colomba-classica\/","title":{"rendered":"Colomba classica"},"content":{"rendered":"<p><strong>Consommation recommand\u00e9e: 30 jours<\/strong><\/p>\n<p>&nbsp;<\/p>\n<p><strong>Ingredienti e ALLERGENI:<\/strong> farina di <strong>FRUMENTO<\/strong>, scorza di arancia candita (sciroppo di glucosio-fruttosio, saccarosio), <strong>BURRO<\/strong>, zucchero, tuorlo d&#8217;<strong>UOVO*<\/strong>, <strong>MANDORLE<\/strong>, albume d&#8217;<strong>UOVO*<\/strong>, <strong>LATTE<\/strong> scremato in polvere, <strong>MANDORLE<\/strong> amare, acqua, miele, sale, lievito, conservante: propionato di sodio, vanillina, agente trattamento della farina: acido ascorbico, enzimi. *<em>da allevamento al suolo<\/em><\/p>\n<p>&nbsp;<\/p>\n<p><strong>Valori nutrizionali su 100 g:<\/strong><\/p>\n<p>Energia 1201 kJ (286 kcal)<\/p>\n<p>Grassi 9.5 g<\/p>\n<p>&#8211; di cui acidi grassi saturi 4.57 g<\/p>\n<p>Carboidrati 45.66 g<\/p>\n<p>&#8211; di cui zuccheri 31.21 g<\/p>\n<p>Proteine 4.08 g<\/p>\n<p>Sale 0.28 g<\/p>\n","protected":false},"excerpt":{"rendered":"<p>La classique <em>Colomba<\/em>, avec des \u00e9corces d&#8217;oranges confites.<\/p>\n<p><strong>Medaille de bronze Swiss Bakery Trophy 2025-27<\/strong><\/p>\n<p>Cette sp\u00e9cialit\u00e9 est fabriqu\u00e9e \u00e0 la main pendant la p\u00e9riode de P\u00e2ques, avec des ingr\u00e9dients de premi\u00e8re qualit\u00e9.<\/p>\n","protected":false},"featured_media":1873,"comment_status":"closed","ping_status":"closed","template":"","meta":{"_acf_changed":false},"product_brand":[],"product_cat":[78],"product_tag":[90],"class_list":{"0":"post-1853","1":"product","2":"type-product","3":"status-publish","4":"has-post-thumbnail","6":"product_cat-colombe-fr","7":"product_tag-colomba-fr","9":"first","10":"outofstock","11":"shipping-taxable","12":"purchasable","13":"product-type-variable","14":"has-default-attributes"},"acf":[],"_links":{"self":[{"href":"https:\/\/bignasca.ch\/fr\/wp-json\/wp\/v2\/product\/1853","targetHints":{"allow":["GET"]}}],"collection":[{"href":"https:\/\/bignasca.ch\/fr\/wp-json\/wp\/v2\/product"}],"about":[{"href":"https:\/\/bignasca.ch\/fr\/wp-json\/wp\/v2\/types\/product"}],"replies":[{"embeddable":true,"href":"https:\/\/bignasca.ch\/fr\/wp-json\/wp\/v2\/comments?post=1853"}],"wp:featuredmedia":[{"embeddable":true,"href":"https:\/\/bignasca.ch\/fr\/wp-json\/wp\/v2\/media\/1873"}],"wp:attachment":[{"href":"https:\/\/bignasca.ch\/fr\/wp-json\/wp\/v2\/media?parent=1853"}],"wp:term":[{"taxonomy":"product_brand","embeddable":true,"href":"https:\/\/bignasca.ch\/fr\/wp-json\/wp\/v2\/product_brand?post=1853"},{"taxonomy":"product_cat","embeddable":true,"href":"https:\/\/bignasca.ch\/fr\/wp-json\/wp\/v2\/product_cat?post=1853"},{"taxonomy":"product_tag","embeddable":true,"href":"https:\/\/bignasca.ch\/fr\/wp-json\/wp\/v2\/product_tag?post=1853"}],"curies":[{"name":"wp","href":"https:\/\/api.w.org\/{rel}","templated":true}]}}