{"id":1886,"date":"2019-03-03T09:29:27","date_gmt":"2019-03-03T08:29:27","guid":{"rendered":"https:\/\/bignasca.ch\/?post_type=product&#038;p=1886"},"modified":"2026-01-15T16:03:51","modified_gmt":"2026-01-15T15:03:51","slug":"colomba-al-cioccolato","status":"publish","type":"product","link":"https:\/\/bignasca.ch\/fr\/prodotto\/colomba-al-cioccolato\/","title":{"rendered":"Colomba al cioccolato"},"content":{"rendered":"<p><strong>Consommation recommand\u00e9e: 30 jours<\/strong><\/p>\n<p>&nbsp;<\/p>\n<p><strong>Ingredienti e ALLERGENI:<\/strong> farina di <strong>FRUMENTO<\/strong>, <strong>CIOCCOLATO<\/strong> 21% (zucchero, burro di cacao, <strong>LATTE<\/strong> in polvere, massa di cacao, lecitina di <strong>SOIA<\/strong>, aroma naturale di vaniglia), <strong>BURRO<\/strong>, zucchero, tuorlo d&#8217;<strong>UOVO*<\/strong>, <strong>MANDORLE<\/strong>, albume d&#8217;<strong>UOVO*<\/strong>,<strong> LATTE<\/strong> scremato in polvere, <strong>MANDORLE<\/strong> amare, acqua, miele, sale, lievito, conservante: propionato di sodio, vanillina, acido ascorbico, enzimi. *<em>da allevamento al suolo<\/em><\/p>\n<p>&nbsp;<\/p>\n<p><strong>Valori nutrizionali su 100 g:<\/strong><\/p>\n<p>Energia 1401 kJ (334 kcal)<br \/>\nGrassi 16.3 g<br \/>\n\u2013 di cui acidi grassi saturi 8.77 g<br \/>\nCarboidrati 41.24 g<br \/>\n\u2013 di cui zuccheri 26.69 g<br \/>\nProteine 5.3 g<br \/>\nSale 0.32 g<\/p>\n<p>&nbsp;<\/p>\n","protected":false},"excerpt":{"rendered":"<p>La d\u00e9licieuse <em>Colomba\u00a0al cioccolato<\/em>, enrichie de gouttes de chocolat au lait.<\/p>\n<p>Cette sp\u00e9cialit\u00e9 est fabriqu\u00e9e \u00e0 la main pendant la p\u00e9riode de P\u00e2ques, avec des ingr\u00e9dients de premi\u00e8re qualit\u00e9. Il convient aux plus gourmands qui y d\u00e9couvriront toute la douceur du bon chocolat au lait.<\/p>\n","protected":false},"featured_media":1932,"comment_status":"closed","ping_status":"closed","template":"","meta":{"_acf_changed":false},"product_brand":[],"product_cat":[78],"product_tag":[90],"class_list":{"0":"post-1886","1":"product","2":"type-product","3":"status-publish","4":"has-post-thumbnail","6":"product_cat-colombe-fr","7":"product_tag-colomba-fr","9":"first","10":"outofstock","11":"sale","12":"shipping-taxable","13":"purchasable","14":"product-type-variable","15":"has-default-attributes"},"acf":[],"_links":{"self":[{"href":"https:\/\/bignasca.ch\/fr\/wp-json\/wp\/v2\/product\/1886","targetHints":{"allow":["GET"]}}],"collection":[{"href":"https:\/\/bignasca.ch\/fr\/wp-json\/wp\/v2\/product"}],"about":[{"href":"https:\/\/bignasca.ch\/fr\/wp-json\/wp\/v2\/types\/product"}],"replies":[{"embeddable":true,"href":"https:\/\/bignasca.ch\/fr\/wp-json\/wp\/v2\/comments?post=1886"}],"wp:featuredmedia":[{"embeddable":true,"href":"https:\/\/bignasca.ch\/fr\/wp-json\/wp\/v2\/media\/1932"}],"wp:attachment":[{"href":"https:\/\/bignasca.ch\/fr\/wp-json\/wp\/v2\/media?parent=1886"}],"wp:term":[{"taxonomy":"product_brand","embeddable":true,"href":"https:\/\/bignasca.ch\/fr\/wp-json\/wp\/v2\/product_brand?post=1886"},{"taxonomy":"product_cat","embeddable":true,"href":"https:\/\/bignasca.ch\/fr\/wp-json\/wp\/v2\/product_cat?post=1886"},{"taxonomy":"product_tag","embeddable":true,"href":"https:\/\/bignasca.ch\/fr\/wp-json\/wp\/v2\/product_tag?post=1886"}],"curies":[{"name":"wp","href":"https:\/\/api.w.org\/{rel}","templated":true}]}}